{"id":1634,"date":"2020-08-07T03:32:23","date_gmt":"2020-08-07T03:32:23","guid":{"rendered":"http:\/\/findingmyroad.com\/?page_id=1634"},"modified":"2020-08-24T01:33:00","modified_gmt":"2020-08-24T01:33:00","slug":"america","status":"publish","type":"page","link":"https:\/\/findingmyroad.com\/es\/america\/","title":{"rendered":"america"},"content":{"rendered":"<ul class=\"wp-block-latest-posts__list is-grid columns-3 alignleft my_custom_post wp-block-latest-posts\"><li><div class=\"wp-block-latest-posts__featured-image\"><img width=\"150\" height=\"150\" src=\"https:\/\/findingmyroad.com\/wp-content\/uploads\/2020\/12\/IMG_4879-150x150.jpg\" class=\"attachment-thumbnail size-thumbnail wp-post-image\" alt=\"\" loading=\"lazy\" style=\"\" srcset=\"https:\/\/findingmyroad.com\/wp-content\/uploads\/2020\/12\/IMG_4879-150x150.jpg 150w, https:\/\/findingmyroad.com\/wp-content\/uploads\/2020\/12\/IMG_4879-180x180.jpg 180w, https:\/\/findingmyroad.com\/wp-content\/uploads\/2020\/12\/IMG_4879-70x70.jpg 70w, https:\/\/findingmyroad.com\/wp-content\/uploads\/2020\/12\/IMG_4879-640x640.jpg 640w\" sizes=\"(max-width: 150px) 100vw, 150px\" \/><\/div><a class=\"wp-block-latest-posts__post-title\" href=\"https:\/\/findingmyroad.com\/es\/a-quick-stop-at-kanarra-falls\/\">A QUICK STOP AT KANARRA FALLS<\/a><div class=\"wp-block-latest-posts__post-excerpt\">I closed my eyes for a couple of minutes. All [&hellip;]<\/div><\/li>\n<li><div class=\"wp-block-latest-posts__featured-image\"><img width=\"150\" height=\"150\" src=\"https:\/\/findingmyroad.com\/wp-content\/uploads\/2020\/09\/IMG_0595-150x150.jpg\" class=\"attachment-thumbnail size-thumbnail wp-post-image\" alt=\"\" loading=\"lazy\" style=\"\" srcset=\"https:\/\/findingmyroad.com\/wp-content\/uploads\/2020\/09\/IMG_0595-150x150.jpg 150w, https:\/\/findingmyroad.com\/wp-content\/uploads\/2020\/09\/IMG_0595-180x180.jpg 180w, https:\/\/findingmyroad.com\/wp-content\/uploads\/2020\/09\/IMG_0595-70x70.jpg 70w, https:\/\/findingmyroad.com\/wp-content\/uploads\/2020\/09\/IMG_0595-640x640.jpg 640w\" sizes=\"(max-width: 150px) 100vw, 150px\" \/><\/div><a class=\"wp-block-latest-posts__post-title\" href=\"https:\/\/findingmyroad.com\/es\/riviera-maya-reopens-slowly\/\">La nueva normalidad en Riviera Maya<\/a><div class=\"wp-block-latest-posts__post-excerpt\">Vacaciones, viajar, aviones, turistear, expediciones, tours, cruceros\u2026 Son palabras que en tiempos de pandemia nos las han quitado del vocabulario.<\/div><\/li>\n<li><div class=\"wp-block-latest-posts__featured-image\"><img width=\"150\" height=\"150\" src=\"https:\/\/findingmyroad.com\/wp-content\/uploads\/2020\/08\/IMG_2330-150x150.jpg\" class=\"attachment-thumbnail size-thumbnail wp-post-image\" alt=\"\" loading=\"lazy\" style=\"\" srcset=\"https:\/\/findingmyroad.com\/wp-content\/uploads\/2020\/08\/IMG_2330-150x150.jpg 150w, https:\/\/findingmyroad.com\/wp-content\/uploads\/2020\/08\/IMG_2330-180x180.jpg 180w, https:\/\/findingmyroad.com\/wp-content\/uploads\/2020\/08\/IMG_2330-70x70.jpg 70w, https:\/\/findingmyroad.com\/wp-content\/uploads\/2020\/08\/IMG_2330-640x640.jpg 640w\" sizes=\"(max-width: 150px) 100vw, 150px\" \/><\/div><a class=\"wp-block-latest-posts__post-title\" href=\"https:\/\/findingmyroad.com\/es\/holbox-a-mexican-paradise\/\">Holbox: El para\u00edso mexicano<\/a><div class=\"wp-block-latest-posts__post-excerpt\">Nos adentr\u00e1bamos al fondo del mar. En medio de una completa oscuridad, solo segu\u00edamos los pasos y las voces de nuestros gu\u00edas Guilmer y Alfonso.<\/div><\/li>\n<li><div class=\"wp-block-latest-posts__featured-image\"><img width=\"150\" height=\"150\" src=\"https:\/\/findingmyroad.com\/wp-content\/uploads\/2018\/08\/IMG_8372-150x150.jpg\" class=\"attachment-thumbnail size-thumbnail wp-post-image\" alt=\"\" loading=\"lazy\" style=\"\" srcset=\"https:\/\/findingmyroad.com\/wp-content\/uploads\/2018\/08\/IMG_8372-150x150.jpg 150w, https:\/\/findingmyroad.com\/wp-content\/uploads\/2018\/08\/IMG_8372-180x180.jpg 180w, https:\/\/findingmyroad.com\/wp-content\/uploads\/2018\/08\/IMG_8372-70x70.jpg 70w, https:\/\/findingmyroad.com\/wp-content\/uploads\/2018\/08\/IMG_8372-640x640.jpg 640w\" sizes=\"(max-width: 150px) 100vw, 150px\" \/><\/div><a class=\"wp-block-latest-posts__post-title\" href=\"https:\/\/findingmyroad.com\/es\/on-us-route-89-utah-and-arizona\/\">Por la autopista US 89: Utah y Arizona<\/a><div class=\"wp-block-latest-posts__post-excerpt\">El Parque Nacional Zion resplandec\u00eda con sus colores rojizos, rosados, anaranjados y amarillos.<\/div><\/li>\n<li><div class=\"wp-block-latest-posts__featured-image\"><img width=\"150\" height=\"150\" src=\"https:\/\/findingmyroad.com\/wp-content\/uploads\/2014\/03\/img134-150x150.jpg\" class=\"attachment-thumbnail size-thumbnail wp-post-image\" alt=\"\" loading=\"lazy\" style=\"\" srcset=\"https:\/\/findingmyroad.com\/wp-content\/uploads\/2014\/03\/img134-150x150.jpg 150w, https:\/\/findingmyroad.com\/wp-content\/uploads\/2014\/03\/img134-180x180.jpg 180w, https:\/\/findingmyroad.com\/wp-content\/uploads\/2014\/03\/img134-70x70.jpg 70w, https:\/\/findingmyroad.com\/wp-content\/uploads\/2014\/03\/img134-640x640.jpg 640w\" sizes=\"(max-width: 150px) 100vw, 150px\" \/><\/div><a class=\"wp-block-latest-posts__post-title\" href=\"https:\/\/findingmyroad.com\/es\/the-secret-of-an-underground-river\/\">El Secreto de un R\u00edo Subterr\u00e1neo<\/a><div class=\"wp-block-latest-posts__post-excerpt\">Est\u00e1bamos 22 metros bajo tierra. Apagamos las linternas de nuestros casos. Todo qued\u00f3 en silencio...<\/div><\/li>\n<\/ul>","protected":false},"excerpt":{"rendered":"","protected":false},"author":1,"featured_media":0,"parent":0,"menu_order":0,"comment_status":"closed","ping_status":"closed","template":"","meta":[],"yoast_head":"<!-- This site is optimized with the Yoast SEO plugin v19.13 - https:\/\/yoast.com\/wordpress\/plugins\/seo\/ -->\n<title>america - Finding my road<\/title>\n<meta name=\"robots\" content=\"index, follow, max-snippet:-1, max-image-preview:large, max-video-preview:-1\" \/>\n<link rel=\"canonical\" href=\"https:\/\/findingmyroad.com\/es\/america\/\" \/>\n<meta property=\"og:locale\" content=\"es_ES\" \/>\n<meta property=\"og:type\" content=\"article\" \/>\n<meta property=\"og:title\" content=\"america - Finding my road\" \/>\n<meta property=\"og:url\" content=\"https:\/\/findingmyroad.com\/es\/america\/\" \/>\n<meta property=\"og:site_name\" content=\"Finding my road\" \/>\n<meta property=\"article:modified_time\" content=\"2020-08-24T01:33:00+00:00\" \/>\n<meta name=\"twitter:card\" content=\"summary_large_image\" \/>\n<script type=\"application\/ld+json\" class=\"yoast-schema-graph\">{\"@context\":\"https:\/\/schema.org\",\"@graph\":[{\"@type\":\"WebPage\",\"@id\":\"https:\/\/findingmyroad.com\/en\/america\/\",\"url\":\"https:\/\/findingmyroad.com\/en\/america\/\",\"name\":\"america - Finding my road\",\"isPartOf\":{\"@id\":\"https:\/\/findingmyroad.com\/es\/#website\"},\"datePublished\":\"2020-08-07T03:32:23+00:00\",\"dateModified\":\"2020-08-24T01:33:00+00:00\",\"breadcrumb\":{\"@id\":\"https:\/\/findingmyroad.com\/en\/america\/#breadcrumb\"},\"inLanguage\":\"es\",\"potentialAction\":[{\"@type\":\"ReadAction\",\"target\":[\"https:\/\/findingmyroad.com\/en\/america\/\"]}]},{\"@type\":\"BreadcrumbList\",\"@id\":\"https:\/\/findingmyroad.com\/en\/america\/#breadcrumb\",\"itemListElement\":[{\"@type\":\"ListItem\",\"position\":1,\"name\":\"Home\",\"item\":\"https:\/\/findingmyroad.com\/es\/\"},{\"@type\":\"ListItem\",\"position\":2,\"name\":\"america\"}]},{\"@type\":\"WebSite\",\"@id\":\"https:\/\/findingmyroad.com\/es\/#website\",\"url\":\"https:\/\/findingmyroad.com\/es\/\",\"name\":\"Finding my road\",\"description\":\"Otro sitio realizado con WordPress\",\"potentialAction\":[{\"@type\":\"SearchAction\",\"target\":{\"@type\":\"EntryPoint\",\"urlTemplate\":\"https:\/\/findingmyroad.com\/es\/?s={search_term_string}\"},\"query-input\":\"required name=search_term_string\"}],\"inLanguage\":\"es\"}]}<\/script>\n<!-- \/ Yoast SEO plugin. -->","yoast_head_json":{"title":"america - Finding my road","robots":{"index":"index","follow":"follow","max-snippet":"max-snippet:-1","max-image-preview":"max-image-preview:large","max-video-preview":"max-video-preview:-1"},"canonical":"https:\/\/findingmyroad.com\/es\/america\/","og_locale":"es_ES","og_type":"article","og_title":"america - Finding my road","og_url":"https:\/\/findingmyroad.com\/es\/america\/","og_site_name":"Finding my road","article_modified_time":"2020-08-24T01:33:00+00:00","twitter_card":"summary_large_image","schema":{"@context":"https:\/\/schema.org","@graph":[{"@type":"WebPage","@id":"https:\/\/findingmyroad.com\/en\/america\/","url":"https:\/\/findingmyroad.com\/en\/america\/","name":"america - Finding my road","isPartOf":{"@id":"https:\/\/findingmyroad.com\/es\/#website"},"datePublished":"2020-08-07T03:32:23+00:00","dateModified":"2020-08-24T01:33:00+00:00","breadcrumb":{"@id":"https:\/\/findingmyroad.com\/en\/america\/#breadcrumb"},"inLanguage":"es","potentialAction":[{"@type":"ReadAction","target":["https:\/\/findingmyroad.com\/en\/america\/"]}]},{"@type":"BreadcrumbList","@id":"https:\/\/findingmyroad.com\/en\/america\/#breadcrumb","itemListElement":[{"@type":"ListItem","position":1,"name":"Home","item":"https:\/\/findingmyroad.com\/es\/"},{"@type":"ListItem","position":2,"name":"america"}]},{"@type":"WebSite","@id":"https:\/\/findingmyroad.com\/es\/#website","url":"https:\/\/findingmyroad.com\/es\/","name":"Finding my road","description":"Otro sitio realizado con WordPress","potentialAction":[{"@type":"SearchAction","target":{"@type":"EntryPoint","urlTemplate":"https:\/\/findingmyroad.com\/es\/?s={search_term_string}"},"query-input":"required name=search_term_string"}],"inLanguage":"es"}]}},"post_mailing_queue_ids":[],"_links":{"self":[{"href":"https:\/\/findingmyroad.com\/es\/wp-json\/wp\/v2\/pages\/1634"}],"collection":[{"href":"https:\/\/findingmyroad.com\/es\/wp-json\/wp\/v2\/pages"}],"about":[{"href":"https:\/\/findingmyroad.com\/es\/wp-json\/wp\/v2\/types\/page"}],"author":[{"embeddable":true,"href":"https:\/\/findingmyroad.com\/es\/wp-json\/wp\/v2\/users\/1"}],"replies":[{"embeddable":true,"href":"https:\/\/findingmyroad.com\/es\/wp-json\/wp\/v2\/comments?post=1634"}],"version-history":[{"count":4,"href":"https:\/\/findingmyroad.com\/es\/wp-json\/wp\/v2\/pages\/1634\/revisions"}],"predecessor-version":[{"id":1939,"href":"https:\/\/findingmyroad.com\/es\/wp-json\/wp\/v2\/pages\/1634\/revisions\/1939"}],"wp:attachment":[{"href":"https:\/\/findingmyroad.com\/es\/wp-json\/wp\/v2\/media?parent=1634"}],"curies":[{"name":"wp","href":"https:\/\/api.w.org\/{rel}","templated":true}]}}