{"id":1639,"date":"2020-08-07T03:35:19","date_gmt":"2020-08-07T03:35:19","guid":{"rendered":"http:\/\/findingmyroad.com\/?page_id=1639"},"modified":"2020-08-07T03:35:20","modified_gmt":"2020-08-07T03:35:20","slug":"asia","status":"publish","type":"page","link":"https:\/\/findingmyroad.com\/es\/asia\/","title":{"rendered":"Asia"},"content":{"rendered":"<ul class=\"wp-block-latest-posts__list is-grid columns-3 my_custom_post wp-block-latest-posts\"><li><div class=\"wp-block-latest-posts__featured-image aligncenter\"><img width=\"150\" height=\"150\" src=\"https:\/\/findingmyroad.com\/wp-content\/uploads\/2018\/07\/IMG_5685-150x150.jpg\" class=\"attachment-thumbnail size-thumbnail wp-post-image\" alt=\"\" loading=\"lazy\" style=\"\" srcset=\"https:\/\/findingmyroad.com\/wp-content\/uploads\/2018\/07\/IMG_5685-150x150.jpg 150w, https:\/\/findingmyroad.com\/wp-content\/uploads\/2018\/07\/IMG_5685-180x180.jpg 180w, https:\/\/findingmyroad.com\/wp-content\/uploads\/2018\/07\/IMG_5685-70x70.jpg 70w, https:\/\/findingmyroad.com\/wp-content\/uploads\/2018\/07\/IMG_5685-640x640.jpg 640w\" sizes=\"(max-width: 150px) 100vw, 150px\" \/><\/div><a class=\"wp-block-latest-posts__post-title\" href=\"https:\/\/findingmyroad.com\/es\/bali-a-travelers-myth\/\">Bali, un mito para los viajeros<\/a><div class=\"wp-block-latest-posts__post-excerpt\">El a\u00f1o pasado me sumerg\u00ed en el archipi\u00e9lago m\u00e1s grande del planeta y dentro de las cerca de 17,500 islas que conforman Indonesia, llegu\u00e9 a Bali.<\/div><\/li>\n<li><div class=\"wp-block-latest-posts__featured-image aligncenter\"><img width=\"150\" height=\"150\" src=\"https:\/\/findingmyroad.com\/wp-content\/uploads\/2016\/11\/6466-e1598038815823-150x150.jpg\" class=\"attachment-thumbnail size-thumbnail wp-post-image\" alt=\"\" loading=\"lazy\" style=\"\" srcset=\"https:\/\/findingmyroad.com\/wp-content\/uploads\/2016\/11\/6466-e1598038815823-150x150.jpg 150w, https:\/\/findingmyroad.com\/wp-content\/uploads\/2016\/11\/6466-e1598038815823-180x180.jpg 180w, https:\/\/findingmyroad.com\/wp-content\/uploads\/2016\/11\/6466-e1598038815823-70x70.jpg 70w, https:\/\/findingmyroad.com\/wp-content\/uploads\/2016\/11\/6466-e1598038815823-640x640.jpg 640w\" sizes=\"(max-width: 150px) 100vw, 150px\" \/><\/div><a class=\"wp-block-latest-posts__post-title\" href=\"https:\/\/findingmyroad.com\/es\/thailand-budhas-lanterns-massages-and-tuk-tuks\/\">Tailandia: Budas, linternas, masajes y 'tuk-tuks'<\/a><div class=\"wp-block-latest-posts__post-excerpt\">Tailandia me eligi\u00f3. Me atrevo a decirlo porque nunca estuvo en mi lista de viajes.<\/div><\/li>\n<li><div class=\"wp-block-latest-posts__featured-image aligncenter\"><img width=\"150\" height=\"150\" src=\"https:\/\/findingmyroad.com\/wp-content\/uploads\/2017\/05\/6592-e1597099820135-150x150.jpg\" class=\"attachment-thumbnail size-thumbnail wp-post-image\" alt=\"\" loading=\"lazy\" style=\"\" srcset=\"https:\/\/findingmyroad.com\/wp-content\/uploads\/2017\/05\/6592-e1597099820135-150x150.jpg 150w, https:\/\/findingmyroad.com\/wp-content\/uploads\/2017\/05\/6592-e1597099820135-180x180.jpg 180w, https:\/\/findingmyroad.com\/wp-content\/uploads\/2017\/05\/6592-e1597099820135-70x70.jpg 70w, https:\/\/findingmyroad.com\/wp-content\/uploads\/2017\/05\/6592-e1597099820135-640x640.jpg 640w\" sizes=\"(max-width: 150px) 100vw, 150px\" \/><\/div><a class=\"wp-block-latest-posts__post-title\" href=\"https:\/\/findingmyroad.com\/es\/the-quest-for-the-beach\/\">Tras los pasos de 'La Playa'<\/a><div class=\"wp-block-latest-posts__post-excerpt\">La primera parte del viaje en Tailandia estuvo llena de templos, convivencia con los animales.<\/div><\/li>\n<li><div class=\"wp-block-latest-posts__featured-image aligncenter\"><img width=\"150\" height=\"150\" src=\"https:\/\/findingmyroad.com\/wp-content\/uploads\/2017\/11\/img_4615-scaled-e1596819240481-150x150.jpg\" class=\"attachment-thumbnail size-thumbnail wp-post-image\" alt=\"\" loading=\"lazy\" style=\"\" srcset=\"https:\/\/findingmyroad.com\/wp-content\/uploads\/2017\/11\/img_4615-scaled-e1596819240481-150x150.jpg 150w, https:\/\/findingmyroad.com\/wp-content\/uploads\/2017\/11\/img_4615-scaled-e1596819240481-298x300.jpg 298w, https:\/\/findingmyroad.com\/wp-content\/uploads\/2017\/11\/img_4615-scaled-e1596819240481-1017x1024.jpg 1017w, https:\/\/findingmyroad.com\/wp-content\/uploads\/2017\/11\/img_4615-scaled-e1596819240481-768x774.jpg 768w, https:\/\/findingmyroad.com\/wp-content\/uploads\/2017\/11\/img_4615-scaled-e1596819240481-1525x1536.jpg 1525w, https:\/\/findingmyroad.com\/wp-content\/uploads\/2017\/11\/img_4615-scaled-e1596819240481-320x322.jpg 320w, https:\/\/findingmyroad.com\/wp-content\/uploads\/2017\/11\/img_4615-scaled-e1596819240481-180x180.jpg 180w, https:\/\/findingmyroad.com\/wp-content\/uploads\/2017\/11\/img_4615-scaled-e1596819240481-70x70.jpg 70w, https:\/\/findingmyroad.com\/wp-content\/uploads\/2017\/11\/img_4615-scaled-e1596819240481-640x640.jpg 640w, https:\/\/findingmyroad.com\/wp-content\/uploads\/2017\/11\/img_4615-scaled-e1596819240481-24x24.jpg 24w, https:\/\/findingmyroad.com\/wp-content\/uploads\/2017\/11\/img_4615-scaled-e1596819240481-36x36.jpg 36w, https:\/\/findingmyroad.com\/wp-content\/uploads\/2017\/11\/img_4615-scaled-e1596819240481-48x48.jpg 48w, https:\/\/findingmyroad.com\/wp-content\/uploads\/2017\/11\/img_4615-scaled-e1596819240481.jpg 1772w\" sizes=\"(max-width: 150px) 100vw, 150px\" \/><\/div><a class=\"wp-block-latest-posts__post-title\" href=\"https:\/\/findingmyroad.com\/es\/bangkok-the-gateway-to-south-east-asia\/\">Bangkok, la puerta del sudeste asi\u00e1tico<\/a><div class=\"wp-block-latest-posts__post-excerpt\">Ca\u00f3tica, ex\u00f3tica y muy caliente. Llena de vida, movimiento, humo, contaminaci\u00f3n y ruido. As\u00ed describir\u00eda Bangkok.<\/div><\/li>\n<\/ul>","protected":false},"excerpt":{"rendered":"","protected":false},"author":1,"featured_media":0,"parent":0,"menu_order":0,"comment_status":"closed","ping_status":"closed","template":"","meta":[],"yoast_head":"<!-- This site is optimized with the Yoast SEO plugin v19.13 - https:\/\/yoast.com\/wordpress\/plugins\/seo\/ -->\n<title>Asia - Finding my road<\/title>\n<meta name=\"robots\" content=\"index, follow, max-snippet:-1, max-image-preview:large, max-video-preview:-1\" \/>\n<link rel=\"canonical\" href=\"https:\/\/findingmyroad.com\/es\/asia\/\" \/>\n<meta property=\"og:locale\" content=\"es_ES\" \/>\n<meta property=\"og:type\" content=\"article\" \/>\n<meta property=\"og:title\" content=\"Asia - Finding my road\" \/>\n<meta property=\"og:url\" content=\"https:\/\/findingmyroad.com\/es\/asia\/\" \/>\n<meta property=\"og:site_name\" content=\"Finding my road\" \/>\n<meta property=\"article:modified_time\" content=\"2020-08-07T03:35:20+00:00\" \/>\n<meta name=\"twitter:card\" content=\"summary_large_image\" \/>\n<script type=\"application\/ld+json\" class=\"yoast-schema-graph\">{\"@context\":\"https:\/\/schema.org\",\"@graph\":[{\"@type\":\"WebPage\",\"@id\":\"https:\/\/findingmyroad.com\/es\/asia\/\",\"url\":\"https:\/\/findingmyroad.com\/es\/asia\/\",\"name\":\"Asia - Finding my road\",\"isPartOf\":{\"@id\":\"https:\/\/findingmyroad.com\/es\/#website\"},\"datePublished\":\"2020-08-07T03:35:19+00:00\",\"dateModified\":\"2020-08-07T03:35:20+00:00\",\"breadcrumb\":{\"@id\":\"https:\/\/findingmyroad.com\/es\/asia\/#breadcrumb\"},\"inLanguage\":\"es\",\"potentialAction\":[{\"@type\":\"ReadAction\",\"target\":[\"https:\/\/findingmyroad.com\/es\/asia\/\"]}]},{\"@type\":\"BreadcrumbList\",\"@id\":\"https:\/\/findingmyroad.com\/es\/asia\/#breadcrumb\",\"itemListElement\":[{\"@type\":\"ListItem\",\"position\":1,\"name\":\"Home\",\"item\":\"https:\/\/findingmyroad.com\/es\/\"},{\"@type\":\"ListItem\",\"position\":2,\"name\":\"Asia\"}]},{\"@type\":\"WebSite\",\"@id\":\"https:\/\/findingmyroad.com\/es\/#website\",\"url\":\"https:\/\/findingmyroad.com\/es\/\",\"name\":\"Finding my road\",\"description\":\"Otro sitio realizado con WordPress\",\"potentialAction\":[{\"@type\":\"SearchAction\",\"target\":{\"@type\":\"EntryPoint\",\"urlTemplate\":\"https:\/\/findingmyroad.com\/es\/?s={search_term_string}\"},\"query-input\":\"required name=search_term_string\"}],\"inLanguage\":\"es\"}]}<\/script>\n<!-- \/ Yoast SEO plugin. -->","yoast_head_json":{"title":"Asia - Finding my road","robots":{"index":"index","follow":"follow","max-snippet":"max-snippet:-1","max-image-preview":"max-image-preview:large","max-video-preview":"max-video-preview:-1"},"canonical":"https:\/\/findingmyroad.com\/es\/asia\/","og_locale":"es_ES","og_type":"article","og_title":"Asia - Finding my road","og_url":"https:\/\/findingmyroad.com\/es\/asia\/","og_site_name":"Finding my road","article_modified_time":"2020-08-07T03:35:20+00:00","twitter_card":"summary_large_image","schema":{"@context":"https:\/\/schema.org","@graph":[{"@type":"WebPage","@id":"https:\/\/findingmyroad.com\/es\/asia\/","url":"https:\/\/findingmyroad.com\/es\/asia\/","name":"Asia - Finding my road","isPartOf":{"@id":"https:\/\/findingmyroad.com\/es\/#website"},"datePublished":"2020-08-07T03:35:19+00:00","dateModified":"2020-08-07T03:35:20+00:00","breadcrumb":{"@id":"https:\/\/findingmyroad.com\/es\/asia\/#breadcrumb"},"inLanguage":"es","potentialAction":[{"@type":"ReadAction","target":["https:\/\/findingmyroad.com\/es\/asia\/"]}]},{"@type":"BreadcrumbList","@id":"https:\/\/findingmyroad.com\/es\/asia\/#breadcrumb","itemListElement":[{"@type":"ListItem","position":1,"name":"Home","item":"https:\/\/findingmyroad.com\/es\/"},{"@type":"ListItem","position":2,"name":"Asia"}]},{"@type":"WebSite","@id":"https:\/\/findingmyroad.com\/es\/#website","url":"https:\/\/findingmyroad.com\/es\/","name":"Finding my road","description":"Otro sitio realizado con WordPress","potentialAction":[{"@type":"SearchAction","target":{"@type":"EntryPoint","urlTemplate":"https:\/\/findingmyroad.com\/es\/?s={search_term_string}"},"query-input":"required name=search_term_string"}],"inLanguage":"es"}]}},"post_mailing_queue_ids":[],"_links":{"self":[{"href":"https:\/\/findingmyroad.com\/es\/wp-json\/wp\/v2\/pages\/1639"}],"collection":[{"href":"https:\/\/findingmyroad.com\/es\/wp-json\/wp\/v2\/pages"}],"about":[{"href":"https:\/\/findingmyroad.com\/es\/wp-json\/wp\/v2\/types\/page"}],"author":[{"embeddable":true,"href":"https:\/\/findingmyroad.com\/es\/wp-json\/wp\/v2\/users\/1"}],"replies":[{"embeddable":true,"href":"https:\/\/findingmyroad.com\/es\/wp-json\/wp\/v2\/comments?post=1639"}],"version-history":[{"count":1,"href":"https:\/\/findingmyroad.com\/es\/wp-json\/wp\/v2\/pages\/1639\/revisions"}],"predecessor-version":[{"id":1640,"href":"https:\/\/findingmyroad.com\/es\/wp-json\/wp\/v2\/pages\/1639\/revisions\/1640"}],"wp:attachment":[{"href":"https:\/\/findingmyroad.com\/es\/wp-json\/wp\/v2\/media?parent=1639"}],"curies":[{"name":"wp","href":"https:\/\/api.w.org\/{rel}","templated":true}]}}