{"id":180,"date":"2017-05-26T14:33:50","date_gmt":"2017-05-26T14:33:50","guid":{"rendered":"http:\/\/plathemesky.com\/desert\/?page_id=180"},"modified":"2020-12-20T01:28:48","modified_gmt":"2020-12-20T01:28:48","slug":"about","status":"publish","type":"page","link":"https:\/\/findingmyroad.com\/es\/about\/","title":{"rendered":"ACERCA DE MI"},"content":{"rendered":"<div class=\"wp-block-image\"><figure class=\"alignright size-large is-resized\"><img loading=\"lazy\" src=\"http:\/\/findingmyroad.com\/wp-content\/uploads\/2020\/10\/D3X0409-11-874x1024.jpg\" alt=\"\" class=\"wp-image-2091\" width=\"427\" height=\"500\" srcset=\"https:\/\/findingmyroad.com\/wp-content\/uploads\/2020\/10\/D3X0409-11-874x1024.jpg 874w, https:\/\/findingmyroad.com\/wp-content\/uploads\/2020\/10\/D3X0409-11-256x300.jpg 256w, https:\/\/findingmyroad.com\/wp-content\/uploads\/2020\/10\/D3X0409-11-768x900.jpg 768w, https:\/\/findingmyroad.com\/wp-content\/uploads\/2020\/10\/D3X0409-11-1311x1536.jpg 1311w, https:\/\/findingmyroad.com\/wp-content\/uploads\/2020\/10\/D3X0409-11-1748x2048.jpg 1748w, https:\/\/findingmyroad.com\/wp-content\/uploads\/2020\/10\/D3X0409-11-10x12.jpg 10w, https:\/\/findingmyroad.com\/wp-content\/uploads\/2020\/10\/D3X0409-11-320x375.jpg 320w, https:\/\/findingmyroad.com\/wp-content\/uploads\/2020\/10\/D3X0409-11-20x24.jpg 20w, https:\/\/findingmyroad.com\/wp-content\/uploads\/2020\/10\/D3X0409-11-31x36.jpg 31w, https:\/\/findingmyroad.com\/wp-content\/uploads\/2020\/10\/D3X0409-11-41x48.jpg 41w\" sizes=\"(max-width: 427px) 100vw, 427px\" \/><\/figure><\/div>\n\n\n\n<blockquote class=\"wp-block-quote\"><p>Finding my Road is my way to share my trips, chronicles, adventures and experiences, Not only around the world. It also includes my New York journey and all the stories that are worth it to relate. &nbsp;<\/p><\/blockquote>\n\n\n\n<p>Acerca de m\u00ed:<\/p>\n\n\n\n<p>\u00a1Hola! Soy Jessica Orozco. Nac\u00ed en Guayaquil, Ecuador, pero desde hace 12 a\u00f1os vivo en una de las ciudades m\u00e1s din\u00e1micas, intensas, multiculturales y cosmopolitas del mundo: Nueva York.<\/p>\n\n\n\n<p>A mis 22 a\u00f1os y cuando viv\u00eda en mi pa\u00eds, me gradu\u00e9 de Periodista. Pero, un a\u00f1o antes, ya estaba trabajando en uno de los peri\u00f3dicos m\u00e1s influyentes de Ecuador. Fue ah\u00ed donde empec\u00e9 a contar mis primeras historias, con el fin de informar y ayudar a mi comunidad.<\/p>\n\n\n\n<p>Mi primer viaje fuera de Ecuador fue a esa misma edad. Recorriendo Italia de norte a sur y acampando en varias ciudades desarroll\u00e9 una nueva pasi\u00f3n: viajar.<\/p>\n\n\n\n<p>But it was on 2008 when I decided to make a big change in my life. I quit my job and moved to NYC, to start a new life from the beginning. From this city, it has been easy to travel around the globe and visit to almost all the continents (except Antarctic). Having short trips, 50 hour flights, ridiculously cheap destinations or last minute excursions are some of my experiences.<\/p>\n\n\n\n<p>Since 2013, I started making my bucket list bigger, based in my high school\u2019s books, movies, travel magazines and social media influencers. I wanted to explore the new marvels of the world, chase the best sunsets, (even inside the cemeteries as I did in Martinique) meet and touch animals that I have never imagined before, participate in \u00a0festivals, go over my favorite movie\u2019s locations, enter to deep craves&#8230;<\/p>\n\n\n\n<div class=\"wp-block-image\"><figure class=\"alignleft\"><img src=\"http:\/\/plathemesky.com\/desert\/wp-content\/uploads\/2017\/05\/desert-signature.png\" alt=\"\" class=\"wp-image-7\"\/><\/figure><\/div>\n\n\n\n<div class=\"wp-container-5 wp-block-columns my_about_me\">\n<div class=\"wp-container-1 wp-block-column\">\n<h2>MIS LUGARES FAVORITOS<\/h2>\n\n\n\n<div class=\"sticky\">\n<img src=\"http:\/\/findingmyroad.com\/wp-content\/uploads\/2020\/08\/note-pin-md.png\" class=\"my_sticky\">\n<div class=\"my_sticky_text\">\n<h4>PLAYAS<\/h4>\n<ol type=\"1\"><li>Isla Phi Phi, Tailandia<\/li><li>Cayo Levantado, Rep\u00fablica Dominicana <\/li><li>Salines, Martinica<\/li><li>Rinc\u00f3n, Puerto Rico<\/li><li>Los Frailes, Ecuador<\/li><\/ol><\/div>\n<\/div>\n\n\n\n<div class=\"sticky\">\n<img src=\"http:\/\/findingmyroad.com\/wp-content\/uploads\/2020\/08\/note-pin-md.png\" class=\"my_sticky\">\n<div class=\"my_sticky_text\">\n<h4>PAISAJES<\/h4>\n<ol type=\"1\"><li>Cappadocia, Turqu\u00eda<\/li><li>Parque Nacional Yosemite, Estados Unidos<\/li><li>Parque Nacional Zion, Estados Unidos<\/li><li>Bali, Indonesia<\/li><li>R\u00edo Secreto, M\u00e9xico<\/li><\/ol> <\/div><\/div>\n\n\n\n<div class=\"sticky\">\n<img src=\"http:\/\/findingmyroad.com\/wp-content\/uploads\/2020\/08\/note-pin-md.png\" class=\"my_sticky\">\n<div class=\"my_sticky_text\">\n<h4>FOTOGRAFIA<\/h4><ol type=\"1\"><li>Fez, Morocco<\/li><li>Praga, Rep\u00fablica Checa<\/li><li>Estambul, Turqu\u00eda<\/li><li>Santorini, Grecia<\/li><li>Costa Amalfitana, Italia<\/li><\/ol><\/div><\/div>\n<\/div>\n\n\n\n<div class=\"wp-container-4 wp-block-column\">\n<figure class=\"wp-container-3 wp-block-gallery-2 wp-block-gallery columns-2 is-cropped\"><ul class=\"blocks-gallery-grid\"><li class=\"blocks-gallery-item\"><figure><img loading=\"lazy\" width=\"1024\" height=\"768\" src=\"http:\/\/findingmyroad.com\/wp-content\/uploads\/2020\/08\/6571-1024x768.jpg\" alt=\"\" data-id=\"1569\" data-full-url=\"http:\/\/findingmyroad.com\/wp-content\/uploads\/2020\/08\/6571.jpg\" data-link=\"http:\/\/findingmyroad.com\/about\/6571-2\/\" class=\"wp-image-1569\" srcset=\"https:\/\/findingmyroad.com\/wp-content\/uploads\/2020\/08\/6571-1024x768.jpg 1024w, https:\/\/findingmyroad.com\/wp-content\/uploads\/2020\/08\/6571-300x225.jpg 300w, https:\/\/findingmyroad.com\/wp-content\/uploads\/2020\/08\/6571-768x576.jpg 768w, https:\/\/findingmyroad.com\/wp-content\/uploads\/2020\/08\/6571-1536x1152.jpg 1536w, https:\/\/findingmyroad.com\/wp-content\/uploads\/2020\/08\/6571-320x240.jpg 320w, https:\/\/findingmyroad.com\/wp-content\/uploads\/2020\/08\/6571-24x18.jpg 24w, https:\/\/findingmyroad.com\/wp-content\/uploads\/2020\/08\/6571-36x27.jpg 36w, https:\/\/findingmyroad.com\/wp-content\/uploads\/2020\/08\/6571-48x36.jpg 48w, https:\/\/findingmyroad.com\/wp-content\/uploads\/2020\/08\/6571.jpg 1600w\" sizes=\"(max-width: 1024px) 100vw, 1024px\" \/><\/figure><\/li><li class=\"blocks-gallery-item\"><figure><img loading=\"lazy\" width=\"1024\" height=\"1024\" src=\"http:\/\/findingmyroad.com\/wp-content\/uploads\/2020\/08\/18INDONESIA-1024x1024.jpg\" alt=\"\" data-id=\"1570\" data-full-url=\"http:\/\/findingmyroad.com\/wp-content\/uploads\/2020\/08\/18INDONESIA.jpg\" data-link=\"http:\/\/findingmyroad.com\/about\/18indonesia\/\" class=\"wp-image-1570\" srcset=\"https:\/\/findingmyroad.com\/wp-content\/uploads\/2020\/08\/18INDONESIA-1024x1024.jpg 1024w, https:\/\/findingmyroad.com\/wp-content\/uploads\/2020\/08\/18INDONESIA-300x300.jpg 300w, https:\/\/findingmyroad.com\/wp-content\/uploads\/2020\/08\/18INDONESIA-150x150.jpg 150w, https:\/\/findingmyroad.com\/wp-content\/uploads\/2020\/08\/18INDONESIA-768x768.jpg 768w, https:\/\/findingmyroad.com\/wp-content\/uploads\/2020\/08\/18INDONESIA-1536x1536.jpg 1536w, https:\/\/findingmyroad.com\/wp-content\/uploads\/2020\/08\/18INDONESIA-2048x2048.jpg 2048w, https:\/\/findingmyroad.com\/wp-content\/uploads\/2020\/08\/18INDONESIA-320x320.jpg 320w, https:\/\/findingmyroad.com\/wp-content\/uploads\/2020\/08\/18INDONESIA-180x180.jpg 180w, https:\/\/findingmyroad.com\/wp-content\/uploads\/2020\/08\/18INDONESIA-70x70.jpg 70w, https:\/\/findingmyroad.com\/wp-content\/uploads\/2020\/08\/18INDONESIA-640x640.jpg 640w, https:\/\/findingmyroad.com\/wp-content\/uploads\/2020\/08\/18INDONESIA-24x24.jpg 24w, https:\/\/findingmyroad.com\/wp-content\/uploads\/2020\/08\/18INDONESIA-36x36.jpg 36w, https:\/\/findingmyroad.com\/wp-content\/uploads\/2020\/08\/18INDONESIA-48x48.jpg 48w\" sizes=\"(max-width: 1024px) 100vw, 1024px\" \/><\/figure><\/li><li class=\"blocks-gallery-item\"><figure><img loading=\"lazy\" width=\"768\" height=\"1024\" src=\"http:\/\/findingmyroad.com\/wp-content\/uploads\/2020\/08\/IMG_6616-768x1024.jpg\" alt=\"\" data-id=\"1571\" data-full-url=\"http:\/\/findingmyroad.com\/wp-content\/uploads\/2020\/08\/IMG_6616-scaled.jpg\" data-link=\"http:\/\/findingmyroad.com\/about\/img_6616\/\" class=\"wp-image-1571\" srcset=\"https:\/\/findingmyroad.com\/wp-content\/uploads\/2020\/08\/IMG_6616-768x1024.jpg 768w, https:\/\/findingmyroad.com\/wp-content\/uploads\/2020\/08\/IMG_6616-225x300.jpg 225w, https:\/\/findingmyroad.com\/wp-content\/uploads\/2020\/08\/IMG_6616-1152x1536.jpg 1152w, https:\/\/findingmyroad.com\/wp-content\/uploads\/2020\/08\/IMG_6616-1536x2048.jpg 1536w, https:\/\/findingmyroad.com\/wp-content\/uploads\/2020\/08\/IMG_6616-320x427.jpg 320w, https:\/\/findingmyroad.com\/wp-content\/uploads\/2020\/08\/IMG_6616-18x24.jpg 18w, https:\/\/findingmyroad.com\/wp-content\/uploads\/2020\/08\/IMG_6616-27x36.jpg 27w, https:\/\/findingmyroad.com\/wp-content\/uploads\/2020\/08\/IMG_6616-36x48.jpg 36w, https:\/\/findingmyroad.com\/wp-content\/uploads\/2020\/08\/IMG_6616-scaled.jpg 1920w\" sizes=\"(max-width: 768px) 100vw, 768px\" \/><\/figure><\/li><\/ul><\/figure>\n<\/div>\n<\/div>","protected":false},"excerpt":{"rendered":"<p>Finding my Road is my way to share my trips, chronicles, adventures and experiences, Not only around the world. It also includes my New York journey and all the stories that are worth it to relate. &nbsp; Meet Me: Hi! I am Jessica Orozco, and this is my blog Finding my Road. I was born [&hellip;]<\/p>","protected":false},"author":1,"featured_media":0,"parent":0,"menu_order":0,"comment_status":"closed","ping_status":"closed","template":"","meta":[],"yoast_head":"<!-- This site is optimized with the Yoast SEO plugin v19.13 - https:\/\/yoast.com\/wordpress\/plugins\/seo\/ -->\n<title>about me - Finding my road<\/title>\n<meta name=\"robots\" content=\"index, follow, max-snippet:-1, max-image-preview:large, max-video-preview:-1\" \/>\n<link rel=\"canonical\" href=\"https:\/\/findingmyroad.com\/es\/about\/\" \/>\n<meta property=\"og:locale\" content=\"es_ES\" \/>\n<meta property=\"og:type\" content=\"article\" \/>\n<meta property=\"og:title\" content=\"about me - Finding my road\" \/>\n<meta property=\"og:description\" content=\"Finding my Road is my way to share my trips, chronicles, adventures and experiences, Not only around the world. It also includes my New York journey and all the stories that are worth it to relate. &nbsp; Meet Me: Hi! I am Jessica Orozco, and this is my blog Finding my Road. I was born [&hellip;]\" \/>\n<meta property=\"og:url\" content=\"https:\/\/findingmyroad.com\/es\/about\/\" \/>\n<meta property=\"og:site_name\" content=\"Finding my road\" \/>\n<meta property=\"article:modified_time\" content=\"2020-12-20T01:28:48+00:00\" \/>\n<meta property=\"og:image\" content=\"http:\/\/findingmyroad.com\/wp-content\/uploads\/2020\/10\/D3X0409-11-874x1024.jpg\" \/>\n<meta name=\"twitter:card\" content=\"summary_large_image\" \/>\n<meta name=\"twitter:label1\" content=\"Tiempo de lectura\" \/>\n\t<meta name=\"twitter:data1\" content=\"2 minutos\" \/>\n<script type=\"application\/ld+json\" class=\"yoast-schema-graph\">{\"@context\":\"https:\/\/schema.org\",\"@graph\":[{\"@type\":\"WebPage\",\"@id\":\"https:\/\/findingmyroad.com\/en\/about\/\",\"url\":\"https:\/\/findingmyroad.com\/en\/about\/\",\"name\":\"about me - Finding my road\",\"isPartOf\":{\"@id\":\"https:\/\/findingmyroad.com\/es\/#website\"},\"datePublished\":\"2017-05-26T14:33:50+00:00\",\"dateModified\":\"2020-12-20T01:28:48+00:00\",\"breadcrumb\":{\"@id\":\"https:\/\/findingmyroad.com\/en\/about\/#breadcrumb\"},\"inLanguage\":\"es\",\"potentialAction\":[{\"@type\":\"ReadAction\",\"target\":[\"https:\/\/findingmyroad.com\/en\/about\/\"]}]},{\"@type\":\"BreadcrumbList\",\"@id\":\"https:\/\/findingmyroad.com\/en\/about\/#breadcrumb\",\"itemListElement\":[{\"@type\":\"ListItem\",\"position\":1,\"name\":\"Home\",\"item\":\"https:\/\/findingmyroad.com\/es\/\"},{\"@type\":\"ListItem\",\"position\":2,\"name\":\"about me\"}]},{\"@type\":\"WebSite\",\"@id\":\"https:\/\/findingmyroad.com\/es\/#website\",\"url\":\"https:\/\/findingmyroad.com\/es\/\",\"name\":\"Finding my road\",\"description\":\"Otro sitio realizado con WordPress\",\"potentialAction\":[{\"@type\":\"SearchAction\",\"target\":{\"@type\":\"EntryPoint\",\"urlTemplate\":\"https:\/\/findingmyroad.com\/es\/?s={search_term_string}\"},\"query-input\":\"required name=search_term_string\"}],\"inLanguage\":\"es\"}]}<\/script>\n<!-- \/ Yoast SEO plugin. -->","yoast_head_json":{"title":"about me - Finding my road","robots":{"index":"index","follow":"follow","max-snippet":"max-snippet:-1","max-image-preview":"max-image-preview:large","max-video-preview":"max-video-preview:-1"},"canonical":"https:\/\/findingmyroad.com\/es\/about\/","og_locale":"es_ES","og_type":"article","og_title":"about me - Finding my road","og_description":"Finding my Road is my way to share my trips, chronicles, adventures and experiences, Not only around the world. It also includes my New York journey and all the stories that are worth it to relate. &nbsp; Meet Me: Hi! I am Jessica Orozco, and this is my blog Finding my Road. I was born [&hellip;]","og_url":"https:\/\/findingmyroad.com\/es\/about\/","og_site_name":"Finding my road","article_modified_time":"2020-12-20T01:28:48+00:00","og_image":[{"url":"http:\/\/findingmyroad.com\/wp-content\/uploads\/2020\/10\/D3X0409-11-874x1024.jpg"}],"twitter_card":"summary_large_image","twitter_misc":{"Tiempo de lectura":"2 minutos"},"schema":{"@context":"https:\/\/schema.org","@graph":[{"@type":"WebPage","@id":"https:\/\/findingmyroad.com\/en\/about\/","url":"https:\/\/findingmyroad.com\/en\/about\/","name":"about me - Finding my road","isPartOf":{"@id":"https:\/\/findingmyroad.com\/es\/#website"},"datePublished":"2017-05-26T14:33:50+00:00","dateModified":"2020-12-20T01:28:48+00:00","breadcrumb":{"@id":"https:\/\/findingmyroad.com\/en\/about\/#breadcrumb"},"inLanguage":"es","potentialAction":[{"@type":"ReadAction","target":["https:\/\/findingmyroad.com\/en\/about\/"]}]},{"@type":"BreadcrumbList","@id":"https:\/\/findingmyroad.com\/en\/about\/#breadcrumb","itemListElement":[{"@type":"ListItem","position":1,"name":"Home","item":"https:\/\/findingmyroad.com\/es\/"},{"@type":"ListItem","position":2,"name":"about me"}]},{"@type":"WebSite","@id":"https:\/\/findingmyroad.com\/es\/#website","url":"https:\/\/findingmyroad.com\/es\/","name":"Finding my road","description":"Otro sitio realizado con WordPress","potentialAction":[{"@type":"SearchAction","target":{"@type":"EntryPoint","urlTemplate":"https:\/\/findingmyroad.com\/es\/?s={search_term_string}"},"query-input":"required name=search_term_string"}],"inLanguage":"es"}]}},"post_mailing_queue_ids":[],"_links":{"self":[{"href":"https:\/\/findingmyroad.com\/es\/wp-json\/wp\/v2\/pages\/180"}],"collection":[{"href":"https:\/\/findingmyroad.com\/es\/wp-json\/wp\/v2\/pages"}],"about":[{"href":"https:\/\/findingmyroad.com\/es\/wp-json\/wp\/v2\/types\/page"}],"author":[{"embeddable":true,"href":"https:\/\/findingmyroad.com\/es\/wp-json\/wp\/v2\/users\/1"}],"replies":[{"embeddable":true,"href":"https:\/\/findingmyroad.com\/es\/wp-json\/wp\/v2\/comments?post=180"}],"version-history":[{"count":25,"href":"https:\/\/findingmyroad.com\/es\/wp-json\/wp\/v2\/pages\/180\/revisions"}],"predecessor-version":[{"id":2174,"href":"https:\/\/findingmyroad.com\/es\/wp-json\/wp\/v2\/pages\/180\/revisions\/2174"}],"wp:attachment":[{"href":"https:\/\/findingmyroad.com\/es\/wp-json\/wp\/v2\/media?parent=180"}],"curies":[{"name":"wp","href":"https:\/\/api.w.org\/{rel}","templated":true}]}}